{"id":65,"date":"2023-09-20T22:41:49","date_gmt":"2023-09-20T22:41:49","guid":{"rendered":"http:\/\/www.elvineksioglu.com\/?page_id=65"},"modified":"2026-03-24T18:21:26","modified_gmt":"2026-03-24T18:21:26","slug":"elvin-eksioglu","status":"publish","type":"page","link":"https:\/\/www.elvineksioglu.com\/index.php\/elvin-eksioglu\/","title":{"rendered":"Elvin Eksioglu"},"content":{"rendered":"\n<p>Film Director &amp; Photographer<\/p>\n\n\n\n<p>(b. 13 September 1966, Istanbul, Turkey), Commrcials Director. Photography Department, Y\u0131ld\u0131z Technical University and Cinema and Television Department, Fine Arts Faculity, Marmara University graduate. Worked for Tempo, Akt\u00fcel, Cosmopolitan and Oto Haber magazines between 1989 \u2013 1992. She opened her exclusive photograph exhibition \u201cK\u0131zkulesi\u2019ne Dokunmak\u201d at Maiden\u2019s Tower in 1993. Founded news agency Agency Europe &amp; Anatolia with Abdullah Ek\u015fio\u011flu in November 1993. Founded Turkey based international production company Eksantrik Prod\u00fcksiyon with Abdullah Ek\u015fio\u011flu in 1998. Her book \u201cSevgiyle B\u00fct\u00fcnlenen Ya\u015fam\u201d was published in 1998. Elvin Ek\u015fio\u011flu is currently works as a freelance film director for commercials and promotional films and Editor in Chief at Agency Europe &amp; Anatolia.<\/p>\n\n\n\n<p class=\"has-large-font-size\"><em>Director<\/em><\/p>\n\n\n\n<p><em>Documentaries<\/em><br>Suya Yaz\u0131lan Tarih &#8211; 2010<br>Alt\u0131n\u0131n Hikayesi &#8211; 1999 (BSB Ar\u015fiv No: 336 &#8211; S\u00fcre: 00:05:00)<\/p>\n\n\n\n<p><em>Short Films<\/em><br>Kahfalt\u0131 &#8211; 1999<br>D\u00fc\u015f &#8211; 1998<br>Aray\u0131\u015f &#8211; 1997<br>Sezeryan &#8211; 1996<br>Y\u00fckseli\u015f &#8211; 1996<\/p>\n\n\n\n<p class=\"has-large-font-size\"><em>Producer<\/em><\/p>\n\n\n\n<p><em>Documentaries<\/em><br>FM 1992 &#8211; 2011<\/p>\n\n\n\n<p class=\"has-large-font-size\"><em>Exhibitions<\/em><\/p>\n\n\n\n<p>K\u0131zkulesi&#8217;ne Dokunmak<br>Geride Kalanlar<\/p>\n\n\n\n<p><\/p>\n","protected":false},"excerpt":{"rendered":"<p>Film Director &amp; Photographer (b. 13 September 1966, Istanbul, Turkey), Commrcials Director. Photography Department, Y\u0131ld\u0131z Technical University and Cinema and Television Department, Fine Arts Faculity, Marmara University graduate. Worked for Tempo, Akt\u00fcel, Cosmopolitan and Oto Haber magazines between 1989 \u2013 1992. She opened her exclusive photograph exhibition \u201cK\u0131zkulesi\u2019ne Dokunmak\u201d at Maiden\u2019s Tower in 1993. Founded [&hellip;]<\/p>\n","protected":false},"author":1,"featured_media":56,"parent":0,"menu_order":0,"comment_status":"closed","ping_status":"closed","template":"","meta":{"footnotes":""},"class_list":["post-65","page","type-page","status-publish","has-post-thumbnail","hentry"],"_links":{"self":[{"href":"https:\/\/www.elvineksioglu.com\/index.php\/wp-json\/wp\/v2\/pages\/65","targetHints":{"allow":["GET"]}}],"collection":[{"href":"https:\/\/www.elvineksioglu.com\/index.php\/wp-json\/wp\/v2\/pages"}],"about":[{"href":"https:\/\/www.elvineksioglu.com\/index.php\/wp-json\/wp\/v2\/types\/page"}],"author":[{"embeddable":true,"href":"https:\/\/www.elvineksioglu.com\/index.php\/wp-json\/wp\/v2\/users\/1"}],"replies":[{"embeddable":true,"href":"https:\/\/www.elvineksioglu.com\/index.php\/wp-json\/wp\/v2\/comments?post=65"}],"version-history":[{"count":5,"href":"https:\/\/www.elvineksioglu.com\/index.php\/wp-json\/wp\/v2\/pages\/65\/revisions"}],"predecessor-version":[{"id":112,"href":"https:\/\/www.elvineksioglu.com\/index.php\/wp-json\/wp\/v2\/pages\/65\/revisions\/112"}],"wp:featuredmedia":[{"embeddable":true,"href":"https:\/\/www.elvineksioglu.com\/index.php\/wp-json\/wp\/v2\/media\/56"}],"wp:attachment":[{"href":"https:\/\/www.elvineksioglu.com\/index.php\/wp-json\/wp\/v2\/media?parent=65"}],"curies":[{"name":"wp","href":"https:\/\/api.w.org\/{rel}","templated":true}]}}