{"id":91,"date":"2026-03-24T16:03:29","date_gmt":"2026-03-24T16:03:29","guid":{"rendered":"https:\/\/www.elvineksioglu.com\/?page_id=91"},"modified":"2026-03-24T18:11:44","modified_gmt":"2026-03-24T18:11:44","slug":"geride-kalanlar","status":"publish","type":"page","link":"https:\/\/www.elvineksioglu.com\/index.php\/geride-kalanlar\/","title":{"rendered":"Geride Kalanlar"},"content":{"rendered":"\n<div class=\"wp-block-columns is-layout-flex wp-container-core-columns-is-layout-28f84493 wp-block-columns-is-layout-flex\">\n<div class=\"wp-block-column is-layout-flow wp-block-column-is-layout-flow\">\n<figure class=\"wp-block-image size-large\"><img loading=\"lazy\" decoding=\"async\" width=\"731\" height=\"1024\" src=\"http:\/\/www.elvineksioglu.com\/wp-content\/uploads\/2026\/03\/ElvinEksioglu_Afis_50x70cm-731x1024.jpg\" alt=\"\" class=\"wp-image-97\" srcset=\"https:\/\/www.elvineksioglu.com\/wp-content\/uploads\/2026\/03\/ElvinEksioglu_Afis_50x70cm-731x1024.jpg 731w, https:\/\/www.elvineksioglu.com\/wp-content\/uploads\/2026\/03\/ElvinEksioglu_Afis_50x70cm-214x300.jpg 214w, https:\/\/www.elvineksioglu.com\/wp-content\/uploads\/2026\/03\/ElvinEksioglu_Afis_50x70cm-768x1075.jpg 768w, https:\/\/www.elvineksioglu.com\/wp-content\/uploads\/2026\/03\/ElvinEksioglu_Afis_50x70cm-1097x1536.jpg 1097w, https:\/\/www.elvineksioglu.com\/wp-content\/uploads\/2026\/03\/ElvinEksioglu_Afis_50x70cm-1463x2048.jpg 1463w, https:\/\/www.elvineksioglu.com\/wp-content\/uploads\/2026\/03\/ElvinEksioglu_Afis_50x70cm.jpg 1500w\" sizes=\"auto, (max-width: 731px) 100vw, 731px\" \/><\/figure>\n<\/div>\n\n\n\n<div class=\"wp-block-column is-layout-flow wp-block-column-is-layout-flow\">\n<figure class=\"wp-block-image size-full\"><img loading=\"lazy\" decoding=\"async\" width=\"709\" height=\"992\" src=\"https:\/\/www.elvineksioglu.com\/wp-content\/uploads\/2026\/03\/elvin.jpg\" alt=\"\" class=\"wp-image-98\" srcset=\"https:\/\/www.elvineksioglu.com\/wp-content\/uploads\/2026\/03\/elvin.jpg 709w, https:\/\/www.elvineksioglu.com\/wp-content\/uploads\/2026\/03\/elvin-214x300.jpg 214w\" sizes=\"auto, (max-width: 709px) 100vw, 709px\" \/><\/figure>\n<\/div>\n<\/div>\n\n\n\n<p>8 &#8211; 23 Mart 2026<\/p>\n\n\n\n<p>Bu sergide g\u00f6rd\u00fc\u011f\u00fcn\u00fcz elbiseler bo\u015f. \u00c7\u00fcnk\u00fc sahipleri art\u0131k yok.<\/p>\n\n\n\n<p>Kar\u015f\u0131n\u0131zda duran her kuma\u015f par\u00e7as\u0131, yar\u0131m b\u0131rak\u0131lm\u0131\u015f bir hayat\u0131n, \u00e7al\u0131nm\u0131\u015f bir eme\u011fin ve yar\u0131m kalm\u0131\u015f hayallerin sessiz izini ta\u015f\u0131yor. Bir kad\u0131n\u0131n yoklu\u011fu sadece bedeniyle s\u0131n\u0131rl\u0131 kalmaz; geride kalanlar\u0131n hayat\u0131nda, evlerde ve toplumun vicdan\u0131nda dolmas\u0131 imk\u00e2ns\u0131z, a\u011f\u0131r bir bo\u015fluk a\u00e7ar.<\/p>\n\n\n\n<figure class=\"wp-block-image size-large\"><img loading=\"lazy\" decoding=\"async\" width=\"1024\" height=\"764\" src=\"https:\/\/www.elvineksioglu.com\/wp-content\/uploads\/2026\/03\/20260307_145858-1-1024x764.jpg\" alt=\"\" class=\"wp-image-100\" srcset=\"https:\/\/www.elvineksioglu.com\/wp-content\/uploads\/2026\/03\/20260307_145858-1-1024x764.jpg 1024w, https:\/\/www.elvineksioglu.com\/wp-content\/uploads\/2026\/03\/20260307_145858-1-300x224.jpg 300w, https:\/\/www.elvineksioglu.com\/wp-content\/uploads\/2026\/03\/20260307_145858-1-768x573.jpg 768w, https:\/\/www.elvineksioglu.com\/wp-content\/uploads\/2026\/03\/20260307_145858-1-1536x1146.jpg 1536w, https:\/\/www.elvineksioglu.com\/wp-content\/uploads\/2026\/03\/20260307_145858-1-2048x1528.jpg 2048w\" sizes=\"auto, (max-width: 1024px) 100vw, 1024px\" \/><\/figure>\n\n\n\n<p><strong>\u0130ki \u00d6l\u00fcm, Tek Bir Darbe<\/strong> Bu serginin kalbinde sars\u0131c\u0131 bir ger\u00e7ek yatar: \u015eiddet, d\u00f6ng\u00fcsel bir y\u0131k\u0131md\u0131r. Bir hayat\u0131 s\u00f6nd\u00fcren el, o darbeyi indirdi\u011fi an sadece kurban\u0131n\u0131 yok etmez; kendi insanl\u0131\u011f\u0131n\u0131, onurunu ve vicdan\u0131n\u0131 da sonsuza dek \u00f6ld\u00fcr\u00fcr.<\/p>\n\n\n\n<ul class=\"wp-block-list\">\n<li><strong>\u00d6ld\u00fcr\u00fclen kad\u0131n, devasa bir bo\u015fluk olarak kal\u0131r.<\/strong><\/li>\n\n\n\n<li><strong>\u00d6ld\u00fcren fail, derin bir hi\u00e7lik olarak yok olur.<\/strong><\/li>\n<\/ul>\n\n\n\n<p>Buradaki sahipsiz elbiseler, sadece kaybedilen kad\u0131nlar\u0131n de\u011fil, o vah\u015fet an\u0131nda yok olan &#8220;insanl\u0131\u011f\u0131n&#8221; da yas\u0131n\u0131 tutmaktad\u0131r.<\/p>\n\n\n\n<figure class=\"wp-block-image size-large\"><img loading=\"lazy\" decoding=\"async\" width=\"768\" height=\"1024\" src=\"https:\/\/www.elvineksioglu.com\/wp-content\/uploads\/2026\/03\/40c69fa9-780d-4f8d-9158-662b5e66b2c6-768x1024.jpg\" alt=\"\" class=\"wp-image-101\" srcset=\"https:\/\/www.elvineksioglu.com\/wp-content\/uploads\/2026\/03\/40c69fa9-780d-4f8d-9158-662b5e66b2c6-768x1024.jpg 768w, https:\/\/www.elvineksioglu.com\/wp-content\/uploads\/2026\/03\/40c69fa9-780d-4f8d-9158-662b5e66b2c6-225x300.jpg 225w, https:\/\/www.elvineksioglu.com\/wp-content\/uploads\/2026\/03\/40c69fa9-780d-4f8d-9158-662b5e66b2c6-1152x1536.jpg 1152w, https:\/\/www.elvineksioglu.com\/wp-content\/uploads\/2026\/03\/40c69fa9-780d-4f8d-9158-662b5e66b2c6-1536x2048.jpg 1536w, https:\/\/www.elvineksioglu.com\/wp-content\/uploads\/2026\/03\/40c69fa9-780d-4f8d-9158-662b5e66b2c6-scaled.jpg 1920w\" sizes=\"auto, (max-width: 768px) 100vw, 768px\" \/><\/figure>\n\n\n\n<p><strong>Bir Y\u00fczle\u015fme \u00c7a\u011fr\u0131s\u0131<\/strong> sizi bu bo\u015flu\u011fun i\u00e7ine bakmaya davet ediyoruz. \u00c7\u00fcnk\u00fc her bo\u015fluk, bir var olmu\u015flu\u011fu i\u015faret eder. Bu da bir yoklu\u011fun sessizli\u011fi aksine t\u00fcyleri diken diken eden bir \u00e7\u0131\u011fl\u0131kt\u0131r asl\u0131nda.<\/p>\n\n\n\n<p>Bu sergi; gitmek zorunda b\u0131rak\u0131lanlar\u0131n aziz hat\u0131ras\u0131na ve insan kalmakta direnenlerin vicdan\u0131na adanm\u0131\u015ft\u0131r.<\/p>\n\n\n\n<p><strong>Unutmay\u0131n; bir kad\u0131n \u00f6ld\u00fcr\u00fcld\u00fc\u011f\u00fcnde, eksilen yaln\u0131zca bir hayat de\u011fil, toplumun kendisidir.<\/strong><\/p>\n","protected":false},"excerpt":{"rendered":"<p>8 &#8211; 23 Mart 2026 Bu sergide g\u00f6rd\u00fc\u011f\u00fcn\u00fcz elbiseler bo\u015f. \u00c7\u00fcnk\u00fc sahipleri art\u0131k yok. Kar\u015f\u0131n\u0131zda duran her kuma\u015f par\u00e7as\u0131, yar\u0131m b\u0131rak\u0131lm\u0131\u015f bir hayat\u0131n, \u00e7al\u0131nm\u0131\u015f bir eme\u011fin ve yar\u0131m kalm\u0131\u015f hayallerin sessiz izini ta\u015f\u0131yor. Bir kad\u0131n\u0131n yoklu\u011fu sadece bedeniyle s\u0131n\u0131rl\u0131 kalmaz; geride kalanlar\u0131n hayat\u0131nda, evlerde ve toplumun vicdan\u0131nda dolmas\u0131 imk\u00e2ns\u0131z, a\u011f\u0131r bir bo\u015fluk a\u00e7ar. \u0130ki \u00d6l\u00fcm, [&hellip;]<\/p>\n","protected":false},"author":1,"featured_media":0,"parent":0,"menu_order":0,"comment_status":"closed","ping_status":"closed","template":"","meta":{"footnotes":""},"class_list":["post-91","page","type-page","status-publish","hentry"],"_links":{"self":[{"href":"https:\/\/www.elvineksioglu.com\/index.php\/wp-json\/wp\/v2\/pages\/91","targetHints":{"allow":["GET"]}}],"collection":[{"href":"https:\/\/www.elvineksioglu.com\/index.php\/wp-json\/wp\/v2\/pages"}],"about":[{"href":"https:\/\/www.elvineksioglu.com\/index.php\/wp-json\/wp\/v2\/types\/page"}],"author":[{"embeddable":true,"href":"https:\/\/www.elvineksioglu.com\/index.php\/wp-json\/wp\/v2\/users\/1"}],"replies":[{"embeddable":true,"href":"https:\/\/www.elvineksioglu.com\/index.php\/wp-json\/wp\/v2\/comments?post=91"}],"version-history":[{"count":3,"href":"https:\/\/www.elvineksioglu.com\/index.php\/wp-json\/wp\/v2\/pages\/91\/revisions"}],"predecessor-version":[{"id":110,"href":"https:\/\/www.elvineksioglu.com\/index.php\/wp-json\/wp\/v2\/pages\/91\/revisions\/110"}],"wp:attachment":[{"href":"https:\/\/www.elvineksioglu.com\/index.php\/wp-json\/wp\/v2\/media?parent=91"}],"curies":[{"name":"wp","href":"https:\/\/api.w.org\/{rel}","templated":true}]}}